{"id":295,"date":"2021-12-20T13:20:32","date_gmt":"2021-12-20T13:20:32","guid":{"rendered":"https:\/\/dpd.umh.es\/?page_id=295"},"modified":"2021-12-22T14:29:46","modified_gmt":"2021-12-22T14:29:46","slug":"seudonimizacion-y-anonimizacion","status":"publish","type":"page","link":"https:\/\/dpd.umh.es\/en\/documentos-de-interes\/seudonimizacion-y-anonimizacion\/","title":{"rendered":"<span lang=\"es\">(Espa\u00f1ol) Seudonimizaci\u00f3n y anonimizaci\u00f3n<\/span>"},"content":{"rendered":"<p class=\"qtranxs-available-languages-message qtranxs-available-languages-message-en\">Sorry, this entry is only available in <a href=\"https:\/\/dpd.umh.es\/es\/wp-json\/wp\/v2\/pages\/295\" class=\"qtranxs-available-language-link qtranxs-available-language-link-es\" title=\"Espa\u00f1ol\">European Spanish<\/a>.<\/p>","protected":false},"excerpt":{"rendered":"<p>Sorry, this entry is only available in European Spanish.<\/p>\n","protected":false},"author":4559,"featured_media":0,"parent":170,"menu_order":0,"comment_status":"closed","ping_status":"closed","template":"","meta":{"_links_to":"","_links_to_target":""},"_links":{"self":[{"href":"https:\/\/dpd.umh.es\/en\/wp-json\/wp\/v2\/pages\/295"}],"collection":[{"href":"https:\/\/dpd.umh.es\/en\/wp-json\/wp\/v2\/pages"}],"about":[{"href":"https:\/\/dpd.umh.es\/en\/wp-json\/wp\/v2\/types\/page"}],"author":[{"embeddable":true,"href":"https:\/\/dpd.umh.es\/en\/wp-json\/wp\/v2\/users\/4559"}],"replies":[{"embeddable":true,"href":"https:\/\/dpd.umh.es\/en\/wp-json\/wp\/v2\/comments?post=295"}],"version-history":[{"count":0,"href":"https:\/\/dpd.umh.es\/en\/wp-json\/wp\/v2\/pages\/295\/revisions"}],"up":[{"embeddable":true,"href":"https:\/\/dpd.umh.es\/en\/wp-json\/wp\/v2\/pages\/170"}],"wp:attachment":[{"href":"https:\/\/dpd.umh.es\/en\/wp-json\/wp\/v2\/media?parent=295"}],"curies":[{"name":"wp","href":"https:\/\/api.w.org\/{rel}","templated":true}]}}