{"id":14,"date":"2018-12-05T12:39:05","date_gmt":"2018-12-05T12:39:05","guid":{"rendered":"http:\/\/dpd.zeus.umh.es\/presentacion\/"},"modified":"2019-06-25T14:04:42","modified_gmt":"2019-06-25T14:04:42","slug":"presentacion","status":"publish","type":"page","link":"https:\/\/dpd.umh.es\/en\/presentacion\/","title":{"rendered":"Presentaci\u00f3n"},"content":{"rendered":"<p>P\u00e1gina de presentaci\u00f3n de la unidad organizativa<\/p>","protected":false},"excerpt":{"rendered":"<p>P\u00e1gina de presentaci\u00f3n de la unidad organizativa<\/p>\n","protected":false},"author":1,"featured_media":0,"parent":0,"menu_order":0,"comment_status":"closed","ping_status":"open","template":"","meta":{"_links_to":"","_links_to_target":""},"_links":{"self":[{"href":"https:\/\/dpd.umh.es\/en\/wp-json\/wp\/v2\/pages\/14"}],"collection":[{"href":"https:\/\/dpd.umh.es\/en\/wp-json\/wp\/v2\/pages"}],"about":[{"href":"https:\/\/dpd.umh.es\/en\/wp-json\/wp\/v2\/types\/page"}],"author":[{"embeddable":true,"href":"https:\/\/dpd.umh.es\/en\/wp-json\/wp\/v2\/users\/1"}],"replies":[{"embeddable":true,"href":"https:\/\/dpd.umh.es\/en\/wp-json\/wp\/v2\/comments?post=14"}],"version-history":[{"count":0,"href":"https:\/\/dpd.umh.es\/en\/wp-json\/wp\/v2\/pages\/14\/revisions"}],"wp:attachment":[{"href":"https:\/\/dpd.umh.es\/en\/wp-json\/wp\/v2\/media?parent=14"}],"curies":[{"name":"wp","href":"https:\/\/api.w.org\/{rel}","templated":true}]}}